{"id":738,"date":"2024-04-02T19:53:06","date_gmt":"2024-04-02T18:53:06","guid":{"rendered":"http:\/\/naturheilpraxis-gong.de\/?page_id=738"},"modified":"2024-04-02T19:53:07","modified_gmt":"2024-04-02T18:53:07","slug":"abrechnung","status":"publish","type":"page","link":"http:\/\/naturheilpraxis-gong.de\/?page_id=738","title":{"rendered":"Abrechnung"},"content":{"rendered":"\n<p><strong>F\u00fcr Privatversicherte<\/strong><\/p>\n<p>Sie erhalten eine Rechnung von uns nach dem Geb\u00fchrenverzeichnis f\u00fcr Heilpraktiker (Geb\u00fcH). Die Erstattung erfolgt durch Ihre private Krankenversicherung nach Ihren Vertragsbedingungen.<\/p>\n<p><strong>F\u00fcr Selbstzahler<\/strong><\/p>\n<p>Die gesetzlichen Krankenkassen \u00fcbernehmen die Behandlungskosten nicht. Sie zahlen das Behandlungshonorar nach unserer Vereinbarung.<\/p>\n","protected":false},"excerpt":{"rendered":"<p>F\u00fcr Privatversicherte Sie erhalten eine Rechnung von uns nach dem Geb\u00fchrenverzeichnis f\u00fcr Heilpraktiker (Geb\u00fcH). Die Erstattung erfolgt durch Ihre private Krankenversicherung nach Ihren Vertragsbedingungen. F\u00fcr Selbstzahler Die gesetzlichen Krankenkassen \u00fcbernehmen die Behandlungskosten nicht. Sie zahlen das Behandlungshonorar nach unserer Vereinbarung.<\/p>\n","protected":false},"author":1,"featured_media":0,"parent":0,"menu_order":0,"comment_status":"closed","ping_status":"closed","template":"","meta":{"jetpack_post_was_ever_published":false,"footnotes":""},"class_list":["post-738","page","type-page","status-publish","hentry"],"jetpack_sharing_enabled":true,"jetpack_shortlink":"https:\/\/wp.me\/P74ebP-bU","_links":{"self":[{"href":"http:\/\/naturheilpraxis-gong.de\/index.php?rest_route=\/wp\/v2\/pages\/738","targetHints":{"allow":["GET"]}}],"collection":[{"href":"http:\/\/naturheilpraxis-gong.de\/index.php?rest_route=\/wp\/v2\/pages"}],"about":[{"href":"http:\/\/naturheilpraxis-gong.de\/index.php?rest_route=\/wp\/v2\/types\/page"}],"author":[{"embeddable":true,"href":"http:\/\/naturheilpraxis-gong.de\/index.php?rest_route=\/wp\/v2\/users\/1"}],"replies":[{"embeddable":true,"href":"http:\/\/naturheilpraxis-gong.de\/index.php?rest_route=%2Fwp%2Fv2%2Fcomments&post=738"}],"version-history":[{"count":1,"href":"http:\/\/naturheilpraxis-gong.de\/index.php?rest_route=\/wp\/v2\/pages\/738\/revisions"}],"predecessor-version":[{"id":739,"href":"http:\/\/naturheilpraxis-gong.de\/index.php?rest_route=\/wp\/v2\/pages\/738\/revisions\/739"}],"wp:attachment":[{"href":"http:\/\/naturheilpraxis-gong.de\/index.php?rest_route=%2Fwp%2Fv2%2Fmedia&parent=738"}],"curies":[{"name":"wp","href":"https:\/\/api.w.org\/{rel}","templated":true}]}}